{"id":911,"date":"2026-04-20T13:55:33","date_gmt":"2026-04-20T12:55:33","guid":{"rendered":"https:\/\/www.rayanbike.com\/contacta-con-nosotros\/"},"modified":"2026-04-24T10:37:25","modified_gmt":"2026-04-24T09:37:25","slug":"contacta-con-nosotros","status":"publish","type":"page","link":"https:\/\/www.rayanbike.com\/es\/contacta-con-nosotros\/","title":{"rendered":"Contacta con nosotros"},"content":{"rendered":"\t\t<div data-elementor-type=\"wp-page\" data-elementor-id=\"911\" class=\"elementor elementor-911 elementor-513\" data-elementor-post-type=\"page\">\n\t\t\t\t\t\t<div class=\"elementor-element elementor-element-aa7655b e-con e-atomic-element e-flexbox-base flexbox-50px e-aa7655b-63ff20e\" data-id=\"aa7655b\" data-element_type=\"e-flexbox\" data-e-type=\"e-flexbox\" data-interaction-id=\"aa7655b\" data-e-type=\"e-flexbox\" data-id=\"aa7655b\">\n\t\t\t\t<div class=\"elementor-element elementor-element-d24f320 e-con e-atomic-element e-flexbox-base e-d24f320-e7960ec\" data-id=\"d24f320\" data-element_type=\"e-flexbox\" data-e-type=\"e-flexbox\" data-interaction-id=\"d24f320\" data-e-type=\"e-flexbox\" data-id=\"d24f320\">\n\t\t\t\t\t\t\t<h2 \n\t\tdata-interaction-id=\"3ce3e3d\" \n\t\tclass=\"H1-text e-3ce3e3d-8c79e7d e-heading-base\" \n\t\t \n\t\tdata-e-type=\"widget\" data-id=\"3ce3e3d\"\n\t>\n\t\n\t\t\tPonte en contacto.\n\t\t<\/h2>\n\t\t\t\t\t\t\t\t<p class=\"Text-white e-3b0f3f4-9092e2f e-paragraph-base\" data-interaction-id=\"3b0f3f4\"  data-e-type=\"widget\" data-id=\"3b0f3f4\">\n\t\t\t\t\t\t\t\t\u00bfTienes alguna pregunta sobre nuestras bicicletas, disponibilidad o entrega? Estamos aqu\u00ed para ayudarte. Escr\u00edbenos y te responderemos lo antes posible.  \n\t\t\t\t\t<\/p>\n\t\t\t\t<\/div>\n\t\t\t\t<\/div>\n\t\t\t\t<div class=\"elementor-element elementor-element-a52b796 e-con e-atomic-element e-flexbox-base flexbox-50px e-a52b796-595359c\" data-id=\"a52b796\" data-element_type=\"e-flexbox\" data-e-type=\"e-flexbox\" data-interaction-id=\"a52b796\" data-e-type=\"e-flexbox\" data-id=\"a52b796\">\n\t\t\t\t<div class=\"elementor-element elementor-element-0ed70d9 e-con e-atomic-element e-flexbox-base e-0ed70d9-d0b2860\" data-id=\"0ed70d9\" data-element_type=\"e-flexbox\" data-e-type=\"e-flexbox\" data-interaction-id=\"0ed70d9\" data-e-type=\"e-flexbox\" data-id=\"0ed70d9\">\n\t\t\t\t<div class=\"elementor-element elementor-element-4289f88 elementor-widget elementor-widget-google_maps\" data-id=\"4289f88\" data-element_type=\"widget\" data-e-type=\"widget\" data-widget_type=\"google_maps.default\">\n\t\t\t\t\t\t\t<div class=\"elementor-custom-embed\">\n\t\t\t<iframe loading=\"lazy\"\n\t\t\t\t\tsrc=\"https:\/\/maps.google.com\/maps?q=%20C.%20el%20Corre%C3%ADllo%2C%2059%2C%2035580%20Playa%20Blanca%2C%20Las%20Palmas&#038;t=m&#038;z=15&#038;output=embed&#038;iwloc=near\"\n\t\t\t\t\ttitle=\" C. el Corre\u00edllo, 59, 35580 Playa Blanca, Las Palmas\"\n\t\t\t\t\taria-label=\" C. el Corre\u00edllo, 59, 35580 Playa Blanca, Las Palmas\"\n\t\t\t><\/iframe>\n\t\t<\/div>\n\t\t\t\t\t\t<\/div>\n\t\t\t\t<\/div>\n\t\t\t\t<\/div>\n\t\t\t\t<div class=\"elementor-element elementor-element-f039790 e-con e-atomic-element e-flexbox-base flexbox-50px e-f039790-ab3c0fe\" data-id=\"f039790\" data-element_type=\"e-flexbox\" data-e-type=\"e-flexbox\" data-interaction-id=\"f039790\" data-e-type=\"e-flexbox\" data-id=\"f039790\">\n\t\t\t\t<div class=\"elementor-element elementor-element-a50c1a3 e-con e-atomic-element e-flexbox-base e-a50c1a3-c386e95\" data-id=\"a50c1a3\" data-element_type=\"e-flexbox\" data-e-type=\"e-flexbox\" data-interaction-id=\"a50c1a3\" data-e-type=\"e-flexbox\" data-id=\"a50c1a3\">\n\t\t\t\t\t\t\t<h3 \n\t\tdata-interaction-id=\"64edfe2\" \n\t\tclass=\"H1-text e-64edfe2-1004f64 e-heading-base\" \n\t\t \n\t\tdata-e-type=\"widget\" data-id=\"64edfe2\"\n\t>\n\t\n\t\t\tEnv\u00edanos un mensaje\n\t\t<\/h3>\n\t\t\t\t\t\t\t\t<p class=\"Text-white e-5c798be-a2b89cd e-paragraph-base\" data-interaction-id=\"5c798be\"  data-e-type=\"widget\" data-id=\"5c798be\">\n\t\t\t\t\t\t\t\tTanto si tienes preguntas sobre nuestro alquiler de bicicletas en Lanzarote, como si necesitas asesoramiento sobre qu\u00e9 modelo se adapta mejor a tu ruta o quieres saber m\u00e1s sobre nuestro servicio de entrega en toda la isla, estamos aqu\u00ed para ayudarte. Rellena el siguiente formulario y nuestro equipo se pondr\u00e1 en contacto contigo lo antes posible. \n\t\t\t\t\t<\/p>\n\t\t\t\t<div class=\"elementor-element elementor-element-2f4b08c elementor-button-align-start elementor-widget__width-inherit elementor-widget elementor-widget-form\" data-id=\"2f4b08c\" data-element_type=\"widget\" data-e-type=\"widget\" data-settings=\"{&quot;step_next_label&quot;:&quot;Siguiente&quot;,&quot;step_previous_label&quot;:&quot;Anterior&quot;,&quot;button_width&quot;:&quot;100&quot;,&quot;step_type&quot;:&quot;number_text&quot;,&quot;step_icon_shape&quot;:&quot;circle&quot;}\" data-widget_type=\"form.default\">\n\t\t\t\t\t\t\t<form class=\"elementor-form\" method=\"post\" name=\"Formulario de contacto\" aria-label=\"Formulario de contacto\">\n\t\t\t<input type=\"hidden\" name=\"post_id\" value=\"911\"\/>\n\t\t\t<input type=\"hidden\" name=\"form_id\" value=\"2f4b08c\"\/>\n\t\t\t<input type=\"hidden\" name=\"referer_title\" value=\"\" \/>\n\n\t\t\t\n\t\t\t<div class=\"elementor-form-fields-wrapper elementor-labels-\">\n\t\t\t\t\t\t\t\t<div class=\"elementor-field-type-text elementor-field-group elementor-column elementor-field-group-name elementor-col-100 elementor-field-required\">\n\t\t\t\t\t\t\t\t\t\t\t\t<label for=\"form-field-name\" class=\"elementor-field-label elementor-screen-only\">\n\t\t\t\t\t\t\t\tNombre\t\t\t\t\t\t\t<\/label>\n\t\t\t\t\t\t\t\t\t\t\t\t\t\t<input size=\"1\" type=\"text\" name=\"form_fields[name]\" id=\"form-field-name\" class=\"elementor-field elementor-size-lg  elementor-field-textual\" placeholder=\"Nombre y apellidos\" required=\"required\">\n\t\t\t\t\t\t\t\t\t\t\t<\/div>\n\t\t\t\t\t\t\t\t<div class=\"elementor-field-type-email elementor-field-group elementor-column elementor-field-group-email elementor-col-50 elementor-field-required\">\n\t\t\t\t\t\t\t\t\t\t\t\t<label for=\"form-field-email\" class=\"elementor-field-label elementor-screen-only\">\n\t\t\t\t\t\t\t\tEmail\t\t\t\t\t\t\t<\/label>\n\t\t\t\t\t\t\t\t\t\t\t\t\t\t<input size=\"1\" type=\"email\" name=\"form_fields[email]\" id=\"form-field-email\" class=\"elementor-field elementor-size-lg  elementor-field-textual\" placeholder=\"Email\" required=\"required\">\n\t\t\t\t\t\t\t\t\t\t\t<\/div>\n\t\t\t\t\t\t\t\t<div class=\"elementor-field-type-tel elementor-field-group elementor-column elementor-field-group-phone elementor-col-50 elementor-field-required\">\n\t\t\t\t\t\t\t\t\t\t\t\t<label for=\"form-field-phone\" class=\"elementor-field-label elementor-screen-only\">\n\t\t\t\t\t\t\t\tTel\u00e9fono\t\t\t\t\t\t\t<\/label>\n\t\t\t\t\t\t\t\t<input size=\"1\" type=\"tel\" name=\"form_fields[phone]\" id=\"form-field-phone\" class=\"elementor-field elementor-size-lg  elementor-field-textual\" placeholder=\"Tel\u00e9fono\" required=\"required\" pattern=\"[0-9()#&amp;+*-=.]+\" title=\"Solo se aceptan n\u00fameros y caracteres de tel\u00e9fono (#,-,*,etc).\">\n\n\t\t\t\t\t\t<\/div>\n\t\t\t\t\t\t\t\t<div class=\"elementor-field-type-textarea elementor-field-group elementor-column elementor-field-group-message elementor-col-100 elementor-field-required\">\n\t\t\t\t\t\t\t\t\t\t\t\t<label for=\"form-field-message\" class=\"elementor-field-label elementor-screen-only\">\n\t\t\t\t\t\t\t\tMensaje\t\t\t\t\t\t\t<\/label>\n\t\t\t\t\t\t<textarea class=\"elementor-field-textual elementor-field  elementor-size-lg\" name=\"form_fields[message]\" id=\"form-field-message\" rows=\"7\" placeholder=\"Mensaje\" required=\"required\"><\/textarea>\t\t\t\t<\/div>\n\t\t\t\t\t\t\t\t<div class=\"elementor-field-type-recaptcha_v3 elementor-field-group elementor-column elementor-field-group-field_ac49fb4 elementor-col-100 recaptcha_v3-bottomright\">\n\t\t\t\t\t<div class=\"elementor-field\" id=\"form-field-field_ac49fb4\"><div class=\"elementor-g-recaptcha\" data-sitekey=\"6LfRssQsAAAAACG_D_zYn_4D5oW8kKW14SRX55gz\" data-type=\"v3\" data-action=\"Form\" data-badge=\"bottomright\" data-size=\"invisible\"><\/div><\/div>\t\t\t\t<\/div>\n\t\t\t\t\t\t\t\t<div class=\"elementor-field-group elementor-column elementor-field-type-submit elementor-col-100 e-form__buttons\">\n\t\t\t\t\t<button class=\"elementor-button elementor-size-sm\" type=\"submit\">\n\t\t\t\t\t\t<span class=\"elementor-button-content-wrapper\">\n\t\t\t\t\t\t\t\t\t\t\t\t\t\t\t\t\t\t\t\t\t\t<span class=\"elementor-button-text\">Enviar ahora<\/span>\n\t\t\t\t\t\t\t\t\t\t\t\t\t<\/span>\n\t\t\t\t\t<\/button>\n\t\t\t\t<\/div>\n\t\t\t<\/div>\n\t\t<\/form>\n\t\t\t\t\t\t<\/div>\n\t\t\t\t<\/div>\n\t\t\t\t<div class=\"elementor-element elementor-element-182c7fe e-con e-atomic-element e-flexbox-base e-182c7fe-5e4b314\" data-id=\"182c7fe\" data-element_type=\"e-flexbox\" data-e-type=\"e-flexbox\" data-interaction-id=\"182c7fe\" data-e-type=\"e-flexbox\" data-id=\"182c7fe\">\n\t\t\t\t<\/div>\n\t\t\t\t<\/div>\n\t\t\t\t<div class=\"elementor-element elementor-element-55dcfd7 e-con e-atomic-element e-flexbox-base flexbox-50px e-55dcfd7-8bb9c6c\" data-id=\"55dcfd7\" data-element_type=\"e-flexbox\" data-e-type=\"e-flexbox\" data-interaction-id=\"55dcfd7\" data-e-type=\"e-flexbox\" data-id=\"55dcfd7\">\n\t\t\t\t<div class=\"elementor-element elementor-element-ebc73c2 e-con e-atomic-element e-flexbox-base e-ebc73c2-70baa8a\" data-id=\"ebc73c2\" data-element_type=\"e-flexbox\" data-e-type=\"e-flexbox\" data-interaction-id=\"ebc73c2\" data-e-type=\"e-flexbox\" data-id=\"ebc73c2\">\n\t\t\t\t<\/div>\n\t\t\t\t<div class=\"elementor-element elementor-element-58181b0 e-con e-atomic-element e-flexbox-base e-58181b0-f8f4dd9\" data-id=\"58181b0\" data-element_type=\"e-flexbox\" data-e-type=\"e-flexbox\" data-interaction-id=\"58181b0\" data-e-type=\"e-flexbox\" data-id=\"58181b0\">\n\t\t\t\t\t\t\t<h3 \n\t\tdata-interaction-id=\"8761432\" \n\t\tclass=\"H1-text e-8761432-f8d7aed e-heading-base\" \n\t\t \n\t\tdata-e-type=\"widget\" data-id=\"8761432\"\n\t>\n\t\n\t\t\tD\u00f3nde estamos\n\t\t<\/h3>\n\t\t\t\t\t\t\t\t<p class=\"Text-white e-bc1a445-a44c94b e-paragraph-base\" data-interaction-id=\"bc1a445\"  data-e-type=\"widget\" data-id=\"bc1a445\">\n\t\t\t\t\t\t\t\tDirecci\u00f3n: Calle Correillo 59, Playa Blanca, Lanzarote<br>Horario: de lunes a domingo, 9:00 \u2013 18:00<br>Email: info@rayanbike.com<br>Tel\u00e9fono: +34 617 628 649<br>WhatsApp: +34 617 628 649\n\t\t\t\t\t<\/p>\n\t\t\t\t<\/div>\n\t\t\t\t<\/div>\n\t\t\t\t<\/div>\n\t\t","protected":false},"excerpt":{"rendered":"<p>Ponte en contacto. \u00bfTienes alguna pregunta sobre nuestras bicicletas, disponibilidad o entrega? Estamos aqu\u00ed para ayudarte. Escr\u00edbenos y te responderemos lo antes posible. Env\u00edanos un mensaje Tanto si tienes preguntas sobre nuestro alquiler de bicicletas en Lanzarote, como si necesitas asesoramiento sobre qu\u00e9 modelo se adapta mejor a tu ruta o quieres saber m\u00e1s sobre [&hellip;]<\/p>\n","protected":false},"author":1,"featured_media":0,"parent":0,"menu_order":0,"comment_status":"closed","ping_status":"closed","template":"elementor_header_footer","meta":{"footnotes":""},"class_list":["post-911","page","type-page","status-publish","hentry"],"_links":{"self":[{"href":"https:\/\/www.rayanbike.com\/es\/wp-json\/wp\/v2\/pages\/911","targetHints":{"allow":["GET"]}}],"collection":[{"href":"https:\/\/www.rayanbike.com\/es\/wp-json\/wp\/v2\/pages"}],"about":[{"href":"https:\/\/www.rayanbike.com\/es\/wp-json\/wp\/v2\/types\/page"}],"author":[{"embeddable":true,"href":"https:\/\/www.rayanbike.com\/es\/wp-json\/wp\/v2\/users\/1"}],"replies":[{"embeddable":true,"href":"https:\/\/www.rayanbike.com\/es\/wp-json\/wp\/v2\/comments?post=911"}],"version-history":[{"count":1,"href":"https:\/\/www.rayanbike.com\/es\/wp-json\/wp\/v2\/pages\/911\/revisions"}],"predecessor-version":[{"id":912,"href":"https:\/\/www.rayanbike.com\/es\/wp-json\/wp\/v2\/pages\/911\/revisions\/912"}],"wp:attachment":[{"href":"https:\/\/www.rayanbike.com\/es\/wp-json\/wp\/v2\/media?parent=911"}],"curies":[{"name":"wp","href":"https:\/\/api.w.org\/{rel}","templated":true}]}}