{"id":900,"date":"2026-04-22T17:01:27","date_gmt":"2026-04-22T16:01:27","guid":{"rendered":"https:\/\/www.rayanbike.com\/cookies\/"},"modified":"2026-04-24T10:37:01","modified_gmt":"2026-04-24T09:37:01","slug":"cookies","status":"publish","type":"page","link":"https:\/\/www.rayanbike.com\/es\/cookies\/","title":{"rendered":"Cookies"},"content":{"rendered":"\t\t<div data-elementor-type=\"wp-page\" data-elementor-id=\"900\" class=\"elementor elementor-900 elementor-851\" data-elementor-post-type=\"page\">\n\t\t\t\t<div class=\"elementor-element elementor-element-a97cdd8 e-flex e-con-boxed e-con e-parent\" data-id=\"a97cdd8\" data-element_type=\"container\" data-e-type=\"container\">\n\t\t\t\t\t<div class=\"e-con-inner\">\n\t\t\t\t<div class=\"elementor-element elementor-element-3750e88 elementor-widget elementor-widget-heading\" data-id=\"3750e88\" data-element_type=\"widget\" data-e-type=\"widget\" data-widget_type=\"heading.default\">\n\t\t\t\t\t<h2 class=\"elementor-heading-title elementor-size-default\">COOKIES<\/h2>\t\t\t\t<\/div>\n\t\t\t\t<div class=\"elementor-element elementor-element-4b5a53d elementor-widget elementor-widget-text-editor\" data-id=\"4b5a53d\" data-element_type=\"widget\" data-e-type=\"widget\" data-widget_type=\"text-editor.default\">\n\t\t\t\t\t\t\t\t\t<div class=\"standard-markdown grid-cols-1 grid [&amp;_&gt;_*]:min-w-0 gap-3\"><p class=\"font-claude-response-body break-words whitespace-normal leading-[1.7]\"><strong>1. Qu\u00e9 son las cookies<\/strong> Las cookies son peque\u00f1os archivos de texto que se almacenan en tu dispositivo cuando visitas un sitio web. Se utilizan ampliamente para que los sitios web funcionen de manera m\u00e1s eficiente y para proporcionar informaci\u00f3n al propietario del sitio web. <\/p><p class=\"font-claude-response-body break-words whitespace-normal leading-[1.7]\"><strong>2. Qui\u00e9nes somos<\/strong> Esta Pol\u00edtica de Cookies se aplica al sitio web rayanbike.com, operado por Aabal Oubaih, con n\u00famero de identificaci\u00f3n fiscal Y-2673439-W, y domicilio social en Calle El Correillo 59, Playa Blanca, 35580, Las Palmas, Islas Canarias, Espa\u00f1a.<\/p><p class=\"font-claude-response-body break-words whitespace-normal leading-[1.7]\"><strong>3. Tipos de cookies que utilizamos<\/strong> Nuestro sitio web utiliza las siguientes categor\u00edas de cookies. Cookies estrictamente necesarias, que son esenciales para que el sitio web funcione correctamente y no se pueden desactivar. Estas incluyen cookies de sesi\u00f3n que recuerdan tus preferencias durante tu visita. Cookies anal\u00edticas, que nos ayudan a entender c\u00f3mo interact\u00faan los visitantes con nuestro sitio web mediante la recopilaci\u00f3n de informaci\u00f3n an\u00f3nima. Las utilizamos para mejorar el rendimiento y la experiencia de usuario de nuestro sitio. Cookies de preferencias, que recuerdan tus ajustes y elecciones, como tu idioma preferido. Cookies de marketing, que pueden utilizarse para rastrear visitantes a trav\u00e9s de sitios web y mostrar publicidad relevante. Estas solo se activan con tu consentimiento previo.       <\/p><p class=\"font-claude-response-body break-words whitespace-normal leading-[1.7]\"><strong>4. Cookies de terceros<\/strong> Nuestro sitio web puede incluir contenido o funcionalidad de servicios de terceros como Google Maps y Google Analytics, que pueden establecer sus propias cookies. No controlamos estas cookies y recomendamos revisar las pol\u00edticas de privacidad de estos terceros para obtener m\u00e1s informaci\u00f3n. <\/p><p class=\"font-claude-response-body break-words whitespace-normal leading-[1.7]\"><strong>5. Gesti\u00f3n de cookies<\/strong> Cuando visites nuestro sitio web por primera vez, se te mostrar\u00e1 un banner de consentimiento de cookies que te permitir\u00e1 aceptar o rechazar las cookies no esenciales. Puedes cambiar tus preferencias en cualquier momento haciendo clic en la opci\u00f3n de configuraci\u00f3n de cookies en el pie de p\u00e1gina de nuestro sitio web. Tambi\u00e9n puedes gestionar o eliminar cookies directamente a trav\u00e9s de la configuraci\u00f3n de tu navegador. Ten en cuenta que desactivar ciertas cookies puede afectar a la funcionalidad de nuestro sitio web.   <\/p><p class=\"font-claude-response-body break-words whitespace-normal leading-[1.7]\"><strong>6. Cambios en esta pol\u00edtica<\/strong> Nos reservamos el derecho de actualizar esta Pol\u00edtica de Cookies en cualquier momento. Cualquier cambio se publicar\u00e1 en esta p\u00e1gina con una fecha actualizada. <\/p><\/div>\t\t\t\t\t\t\t\t<\/div>\n\t\t\t\t\t<\/div>\n\t\t\t\t<\/div>\n\t\t\t\t<\/div>\n\t\t","protected":false},"excerpt":{"rendered":"<p>COOKIES 1. Qu\u00e9 son las cookies Las cookies son peque\u00f1os archivos de texto que se almacenan en tu dispositivo cuando visitas un sitio web. Se utilizan ampliamente para que los sitios web funcionen de manera m\u00e1s eficiente y para proporcionar informaci\u00f3n al propietario del sitio web. 2. Qui\u00e9nes somos Esta Pol\u00edtica de Cookies se aplica [&hellip;]<\/p>\n","protected":false},"author":1,"featured_media":0,"parent":0,"menu_order":0,"comment_status":"closed","ping_status":"closed","template":"elementor_header_footer","meta":{"footnotes":""},"class_list":["post-900","page","type-page","status-publish","hentry"],"_links":{"self":[{"href":"https:\/\/www.rayanbike.com\/es\/wp-json\/wp\/v2\/pages\/900","targetHints":{"allow":["GET"]}}],"collection":[{"href":"https:\/\/www.rayanbike.com\/es\/wp-json\/wp\/v2\/pages"}],"about":[{"href":"https:\/\/www.rayanbike.com\/es\/wp-json\/wp\/v2\/types\/page"}],"author":[{"embeddable":true,"href":"https:\/\/www.rayanbike.com\/es\/wp-json\/wp\/v2\/users\/1"}],"replies":[{"embeddable":true,"href":"https:\/\/www.rayanbike.com\/es\/wp-json\/wp\/v2\/comments?post=900"}],"version-history":[{"count":1,"href":"https:\/\/www.rayanbike.com\/es\/wp-json\/wp\/v2\/pages\/900\/revisions"}],"predecessor-version":[{"id":901,"href":"https:\/\/www.rayanbike.com\/es\/wp-json\/wp\/v2\/pages\/900\/revisions\/901"}],"wp:attachment":[{"href":"https:\/\/www.rayanbike.com\/es\/wp-json\/wp\/v2\/media?parent=900"}],"curies":[{"name":"wp","href":"https:\/\/api.w.org\/{rel}","templated":true}]}}